{"id":251,"date":"2018-04-04T18:49:27","date_gmt":"2018-04-04T18:49:27","guid":{"rendered":"http:\/\/theme.ridianur.com\/dubidam\/?page_id=251"},"modified":"2025-09-19T14:06:38","modified_gmt":"2025-09-19T14:06:38","slug":"aveleht","status":"publish","type":"page","link":"https:\/\/xn--koost-nuaa.ee\/","title":{"rendered":"Avaleht"},"content":{"rendered":"\t\t<div data-elementor-type=\"wp-post\" data-elementor-id=\"251\" class=\"elementor elementor-251\">\n\t\t\t\t\t\t<section class=\"elementor-section elementor-top-section elementor-element elementor-element-a742a2c elementor-section-content-middle elementor-reverse-mobile elementor-section-boxed elementor-section-height-default elementor-section-height-default\" data-id=\"a742a2c\" data-element_type=\"section\" data-e-type=\"section\">\n\t\t\t\t\t\t<div class=\"elementor-container elementor-column-gap-wider\">\n\t\t\t\t\t<div class=\"elementor-column elementor-col-50 elementor-top-column elementor-element elementor-element-792df6b\" data-id=\"792df6b\" data-element_type=\"column\" data-e-type=\"column\" data-settings=\"{&quot;background_background&quot;:&quot;slideshow&quot;,&quot;background_slideshow_gallery&quot;:[{&quot;id&quot;:1035,&quot;url&quot;:&quot;https:\\\/\\\/xn--koost-nuaa.ee\\\/wp-content\\\/uploads\\\/2025\\\/09\\\/taust-01-2.png&quot;}],&quot;background_slideshow_loop&quot;:&quot;yes&quot;,&quot;background_slideshow_slide_duration&quot;:5000,&quot;background_slideshow_slide_transition&quot;:&quot;fade&quot;,&quot;background_slideshow_transition_duration&quot;:500}\">\n\t\t\t<div class=\"elementor-widget-wrap elementor-element-populated\">\n\t\t\t\t\t\t<div class=\"elementor-element elementor-element-1ebc242 elementor-invisible elementor-widget elementor-widget-dubidam-title\" data-id=\"1ebc242\" data-element_type=\"widget\" data-e-type=\"widget\" data-settings=\"{&quot;_animation&quot;:&quot;fadeIn&quot;}\" data-widget_type=\"dubidam-title.default\">\n\t\t\t\t<div class=\"elementor-widget-container\">\n\t\t\t\t\t<h2 class=\"content-title\">ROHKEM  <br>KUI LUBADUSED!<\/h2>\t\t\t\t<\/div>\n\t\t\t\t<\/div>\n\t\t\t\t<div class=\"elementor-element elementor-element-507296e elementor-invisible elementor-widget elementor-widget-text-editor\" data-id=\"507296e\" data-element_type=\"widget\" data-e-type=\"widget\" data-settings=\"{&quot;_animation&quot;:&quot;fadeIn&quot;,&quot;_animation_delay&quot;:200}\" data-widget_type=\"text-editor.default\">\n\t\t\t\t\t\t\t\t\t<p>H\u00e4\u00e4demeeste vallas tegutsev valimisliit Koost\u00f6\u00f6 on loodud 1996. aastal. 29 aastat on valimisliit Koost\u00f6\u00f6 panustanud koduvalla arengusse. 2025. aasta kohalike omavalitsuste valimistel kandideerib meie nimekirjas 22 aktiivset ja tegusat inimest.<\/p>\t\t\t\t\t\t\t\t<\/div>\n\t\t\t\t<div class=\"elementor-element elementor-element-70d9abfd elementor-align-left elementor-invisible elementor-widget elementor-widget-button\" data-id=\"70d9abfd\" data-element_type=\"widget\" data-e-type=\"widget\" data-settings=\"{&quot;_animation&quot;:&quot;fadeIn&quot;,&quot;_animation_delay&quot;:400}\" data-widget_type=\"button.default\">\n\t\t\t\t\t\t\t\t\t\t<a class=\"elementor-button elementor-button-link elementor-size-sm elementor-animation-sink\" href=\"https:\/\/xn--koost-nuaa.ee\/?page_id=429\">\n\t\t\t\t\t\t<span class=\"elementor-button-content-wrapper\">\n\t\t\t\t\t\t<span class=\"elementor-button-icon\">\n\t\t\t\t<svg aria-hidden=\"true\" class=\"e-font-icon-svg e-fas-arrow-circle-right\" viewBox=\"0 0 512 512\" xmlns=\"http:\/\/www.w3.org\/2000\/svg\"><path d=\"M256 8c137 0 248 111 248 248S393 504 256 504 8 393 8 256 119 8 256 8zm-28.9 143.6l75.5 72.4H120c-13.3 0-24 10.7-24 24v16c0 13.3 10.7 24 24 24h182.6l-75.5 72.4c-9.7 9.3-9.9 24.8-.4 34.3l11 10.9c9.4 9.4 24.6 9.4 33.9 0L404.3 273c9.4-9.4 9.4-24.6 0-33.9L271.6 106.3c-9.4-9.4-24.6-9.4-33.9 0l-11 10.9c-9.5 9.6-9.3 25.1.4 34.4z\"><\/path><\/svg>\t\t\t<\/span>\n\t\t\t\t\t\t\t\t\t<span class=\"elementor-button-text\">Kandidaadid<\/span>\n\t\t\t\t\t<\/span>\n\t\t\t\t\t<\/a>\n\t\t\t\t\t\t\t\t<\/div>\n\t\t\t\t\t<\/div>\n\t\t<\/div>\n\t\t\t\t<div class=\"elementor-column elementor-col-50 elementor-top-column elementor-element elementor-element-7de8732\" data-id=\"7de8732\" data-element_type=\"column\" data-e-type=\"column\">\n\t\t\t<div class=\"elementor-widget-wrap elementor-element-populated\">\n\t\t\t\t\t\t<div class=\"elementor-element elementor-element-adec0ba elementor-hidden-tablet elementor-hidden-mobile elementor-widget elementor-widget-image\" data-id=\"adec0ba\" data-element_type=\"widget\" data-e-type=\"widget\" data-widget_type=\"image.default\">\n\t\t\t\t\t\t\t\t\t\t\t\t\t\t\t<img decoding=\"async\" src=\"https:\/\/xn--koost-nuaa.ee\/wp-content\/uploads\/elementor\/thumbs\/Illustratsioon-01-01-rbvr15viavzye25ed6548homjsk8ybp9ne09z3lyz2.png\" title=\"Illustratsioon-01-01\" alt=\"Illustratsioon-01-01\" loading=\"lazy\" \/>\t\t\t\t\t\t\t\t\t\t\t\t\t\t\t<\/div>\n\t\t\t\t\t<\/div>\n\t\t<\/div>\n\t\t\t\t\t<\/div>\n\t\t<\/section>\n\t\t\t\t<section class=\"elementor-section elementor-top-section elementor-element elementor-element-c06c1dc elementor-section-boxed elementor-section-height-default elementor-section-height-default\" data-id=\"c06c1dc\" data-element_type=\"section\" data-e-type=\"section\" data-settings=\"{&quot;background_background&quot;:&quot;classic&quot;,&quot;shape_divider_top&quot;:&quot;pyramids&quot;}\">\n\t\t\t\t\t<div class=\"elementor-shape elementor-shape-top\" aria-hidden=\"true\" data-negative=\"false\">\n\t\t\t<svg xmlns=\"http:\/\/www.w3.org\/2000\/svg\" viewBox=\"0 0 1000 100\" preserveAspectRatio=\"none\">\n\t<path class=\"elementor-shape-fill\" d=\"M761.9,44.1L643.1,27.2L333.8,98L0,3.8V0l1000,0v3.9\"\/>\n<\/svg>\t\t<\/div>\n\t\t\t\t\t<div class=\"elementor-container elementor-column-gap-no\">\n\t\t\t\t\t<div class=\"elementor-column elementor-col-100 elementor-top-column elementor-element elementor-element-d4ba094\" data-id=\"d4ba094\" data-element_type=\"column\" data-e-type=\"column\">\n\t\t\t<div class=\"elementor-widget-wrap elementor-element-populated\">\n\t\t\t\t\t\t<section class=\"elementor-section elementor-inner-section elementor-element elementor-element-37490d6 elementor-section-boxed elementor-section-height-default elementor-section-height-default\" data-id=\"37490d6\" data-element_type=\"section\" data-e-type=\"section\">\n\t\t\t\t\t\t<div class=\"elementor-container elementor-column-gap-wider\">\n\t\t\t\t\t<div class=\"elementor-column elementor-col-100 elementor-inner-column elementor-element elementor-element-54149d3\" data-id=\"54149d3\" data-element_type=\"column\" data-e-type=\"column\">\n\t\t\t<div class=\"elementor-widget-wrap elementor-element-populated\">\n\t\t\t\t\t\t<div class=\"elementor-element elementor-element-3e3fd39 elementor-invisible elementor-widget elementor-widget-dubidam-title\" data-id=\"3e3fd39\" data-element_type=\"widget\" data-e-type=\"widget\" data-settings=\"{&quot;_animation&quot;:&quot;fadeIn&quot;}\" data-widget_type=\"dubidam-title.default\">\n\t\t\t\t<div class=\"elementor-widget-container\">\n\t\t\t\t\t<h2 class=\"content-title\">VALIMISLIIDU EESM\u00c4RGID JA LUBADUSED:<\/h2>\t\t\t\t<\/div>\n\t\t\t\t<\/div>\n\t\t\t\t\t<\/div>\n\t\t<\/div>\n\t\t\t\t\t<\/div>\n\t\t<\/section>\n\t\t\t\t<section class=\"elementor-section elementor-inner-section elementor-element elementor-element-63ad9bb elementor-section-boxed elementor-section-height-default elementor-section-height-default\" data-id=\"63ad9bb\" data-element_type=\"section\" data-e-type=\"section\">\n\t\t\t\t\t\t<div class=\"elementor-container elementor-column-gap-wider\">\n\t\t\t\t\t<div class=\"elementor-column elementor-col-50 elementor-inner-column elementor-element elementor-element-896dddf\" data-id=\"896dddf\" data-element_type=\"column\" data-e-type=\"column\">\n\t\t\t<div class=\"elementor-widget-wrap elementor-element-populated\">\n\t\t\t\t\t\t<div class=\"elementor-element elementor-element-0c4e96c elementor-widget elementor-widget-image\" data-id=\"0c4e96c\" data-element_type=\"widget\" data-e-type=\"widget\" data-widget_type=\"image.default\">\n\t\t\t\t\t\t\t\t\t\t\t\t\t\t\t<img fetchpriority=\"high\" decoding=\"async\" width=\"800\" height=\"582\" src=\"https:\/\/xn--koost-nuaa.ee\/wp-content\/uploads\/2025\/09\/Illustartsioonid-01.png\" class=\"attachment-large size-large wp-image-1044\" alt=\"\" srcset=\"https:\/\/xn--koost-nuaa.ee\/wp-content\/uploads\/2025\/09\/Illustartsioonid-01.png 800w, https:\/\/xn--koost-nuaa.ee\/wp-content\/uploads\/2025\/09\/Illustartsioonid-01-300x218.png 300w, https:\/\/xn--koost-nuaa.ee\/wp-content\/uploads\/2025\/09\/Illustartsioonid-01-768x559.png 768w\" sizes=\"(max-width: 800px) 100vw, 800px\" \/>\t\t\t\t\t\t\t\t\t\t\t\t\t\t\t<\/div>\n\t\t\t\t<div class=\"elementor-element elementor-element-4cdee2a elementor-widget elementor-widget-dubidam-title\" data-id=\"4cdee2a\" data-element_type=\"widget\" data-e-type=\"widget\" data-widget_type=\"dubidam-title.default\">\n\t\t\t\t<div class=\"elementor-widget-container\">\n\t\t\t\t\t<h2 class=\"content-title\">KVALITEETNE JA K\u00c4TTESAADAV HARIDUS\n<\/h2>\t\t\t\t<\/div>\n\t\t\t\t<\/div>\n\t\t\t\t<div class=\"elementor-element elementor-element-d6e5e5d elementor-widget elementor-widget-text-editor\" data-id=\"d6e5e5d\" data-element_type=\"widget\" data-e-type=\"widget\" data-widget_type=\"text-editor.default\">\n\t\t\t\t\t\t\t\t\t<ul><li>Projekteerime ja ehitame Uulu uue lasteaia<\/li><li>Lahendame Uulu P\u00f5hikooli ruumipuuduse<\/li><li>Rekonstrueerime H\u00e4\u00e4demeeste lasteaia<\/li><li>Populariseerime g\u00fcmnaasiumi\u00f5pet H\u00e4\u00e4demeestel<\/li><li>Rekonstrueerime H\u00e4\u00e4demeeste staadioni<\/li><li>Toetame hariduse k\u00e4ttesaadavust V\u00f5iste piirkonnas<\/li><\/ul>\t\t\t\t\t\t\t\t<\/div>\n\t\t\t\t\t<\/div>\n\t\t<\/div>\n\t\t\t\t<div class=\"elementor-column elementor-col-50 elementor-inner-column elementor-element elementor-element-204c134\" data-id=\"204c134\" data-element_type=\"column\" data-e-type=\"column\">\n\t\t\t<div class=\"elementor-widget-wrap elementor-element-populated\">\n\t\t\t\t\t\t<div class=\"elementor-element elementor-element-d15fe43 elementor-widget elementor-widget-image\" data-id=\"d15fe43\" data-element_type=\"widget\" data-e-type=\"widget\" data-widget_type=\"image.default\">\n\t\t\t\t\t\t\t\t\t\t\t\t\t\t\t<img decoding=\"async\" width=\"800\" height=\"582\" src=\"https:\/\/xn--koost-nuaa.ee\/wp-content\/uploads\/2025\/09\/Illustartsioonid-02.png\" class=\"attachment-large size-large wp-image-1045\" alt=\"\" srcset=\"https:\/\/xn--koost-nuaa.ee\/wp-content\/uploads\/2025\/09\/Illustartsioonid-02.png 800w, https:\/\/xn--koost-nuaa.ee\/wp-content\/uploads\/2025\/09\/Illustartsioonid-02-300x218.png 300w, https:\/\/xn--koost-nuaa.ee\/wp-content\/uploads\/2025\/09\/Illustartsioonid-02-768x559.png 768w\" sizes=\"(max-width: 800px) 100vw, 800px\" \/>\t\t\t\t\t\t\t\t\t\t\t\t\t\t\t<\/div>\n\t\t\t\t<div class=\"elementor-element elementor-element-4e1f773 elementor-widget elementor-widget-dubidam-title\" data-id=\"4e1f773\" data-element_type=\"widget\" data-e-type=\"widget\" data-widget_type=\"dubidam-title.default\">\n\t\t\t\t<div class=\"elementor-widget-container\">\n\t\t\t\t\t<h2 class=\"content-title\">KASUTAJAS\u00d5BRALIK AVALIK RUUM<\/h2>\t\t\t\t<\/div>\n\t\t\t\t<\/div>\n\t\t\t\t<div class=\"elementor-element elementor-element-c9fe27b elementor-widget elementor-widget-text-editor\" data-id=\"c9fe27b\" data-element_type=\"widget\" data-e-type=\"widget\" data-widget_type=\"text-editor.default\">\n\t\t\t\t\t\t\t\t\t<ul><li>Planeerime Uulu tervikliku asulakeskuse koos laululavaga<\/li><li>Viime l\u00f5pule H\u00e4\u00e4demeeste Lasteaia tn 5 m\u00e4nguv\u00e4ljaku ehituse<\/li><li>Renoveerime V\u00f5iste Suveaia laululava<\/li><li>J\u00e4tkame \u00fclevallaliselt m\u00e4ngu- ja spordiv\u00e4ljakute rajamisega<\/li><li>Viidastame teed, t\u00e4navad ja k\u00fclade piirid<\/li><\/ul>\t\t\t\t\t\t\t\t<\/div>\n\t\t\t\t\t<\/div>\n\t\t<\/div>\n\t\t\t\t\t<\/div>\n\t\t<\/section>\n\t\t\t\t<section class=\"elementor-section elementor-inner-section elementor-element elementor-element-8fd37bb elementor-section-boxed elementor-section-height-default elementor-section-height-default\" data-id=\"8fd37bb\" data-element_type=\"section\" data-e-type=\"section\">\n\t\t\t\t\t\t<div class=\"elementor-container elementor-column-gap-wider\">\n\t\t\t\t\t<div class=\"elementor-column elementor-col-50 elementor-inner-column elementor-element elementor-element-86b9e18\" data-id=\"86b9e18\" data-element_type=\"column\" data-e-type=\"column\">\n\t\t\t<div class=\"elementor-widget-wrap elementor-element-populated\">\n\t\t\t\t\t\t<div class=\"elementor-element elementor-element-c92d258 elementor-widget elementor-widget-image\" data-id=\"c92d258\" data-element_type=\"widget\" data-e-type=\"widget\" data-widget_type=\"image.default\">\n\t\t\t\t\t\t\t\t\t\t\t\t\t\t\t<img decoding=\"async\" width=\"800\" height=\"582\" src=\"https:\/\/xn--koost-nuaa.ee\/wp-content\/uploads\/2025\/09\/Illustartsioonid-03.png\" class=\"attachment-large size-large wp-image-1046\" alt=\"\" srcset=\"https:\/\/xn--koost-nuaa.ee\/wp-content\/uploads\/2025\/09\/Illustartsioonid-03.png 800w, https:\/\/xn--koost-nuaa.ee\/wp-content\/uploads\/2025\/09\/Illustartsioonid-03-300x218.png 300w, https:\/\/xn--koost-nuaa.ee\/wp-content\/uploads\/2025\/09\/Illustartsioonid-03-768x559.png 768w\" sizes=\"(max-width: 800px) 100vw, 800px\" \/>\t\t\t\t\t\t\t\t\t\t\t\t\t\t\t<\/div>\n\t\t\t\t<div class=\"elementor-element elementor-element-210f7d5 elementor-widget elementor-widget-dubidam-title\" data-id=\"210f7d5\" data-element_type=\"widget\" data-e-type=\"widget\" data-widget_type=\"dubidam-title.default\">\n\t\t\t\t<div class=\"elementor-widget-container\">\n\t\t\t\t\t<h2 class=\"content-title\">IGAP\u00c4EVAELU TOETAV TARISTU\n<\/h2>\t\t\t\t<\/div>\n\t\t\t\t<\/div>\n\t\t\t\t<div class=\"elementor-element elementor-element-f8e86ac elementor-widget elementor-widget-text-editor\" data-id=\"f8e86ac\" data-element_type=\"widget\" data-e-type=\"widget\" data-widget_type=\"text-editor.default\">\n\t\t\t\t\t\t\t\t\t<ul><li>Toetame ja otsime v\u00f5imalusi Uulu tunneli rajamiseks<\/li><li>Rajame kergliiklustee Laadi ja T\u00f5llapulga tee \u00e4\u00e4rde<\/li><li>Rajame kergliiklustee Uulust Valga mnt ristmikuni<\/li><li>Viime l\u00f5pule kergliiklustee ehituse Tahkuranna kooli juures<\/li><li>J\u00e4tkame mustkattega teede ja t\u00e4navavalgustuse ehitamist<\/li><li>J\u00e4tkame vee- ja kanalisatsioonitrasside ehitamist<\/li><li>Toetame j\u00e4tkuvalt hajaasustuse programmi<\/li><li>Korrastame ligip\u00e4\u00e4sud avalikele veekogudele<\/li><\/ul>\t\t\t\t\t\t\t\t<\/div>\n\t\t\t\t\t<\/div>\n\t\t<\/div>\n\t\t\t\t<div class=\"elementor-column elementor-col-50 elementor-inner-column elementor-element elementor-element-d7f83e6\" data-id=\"d7f83e6\" data-element_type=\"column\" data-e-type=\"column\">\n\t\t\t<div class=\"elementor-widget-wrap elementor-element-populated\">\n\t\t\t\t\t\t<div class=\"elementor-element elementor-element-ac10a07 elementor-widget elementor-widget-image\" data-id=\"ac10a07\" data-element_type=\"widget\" data-e-type=\"widget\" data-widget_type=\"image.default\">\n\t\t\t\t\t\t\t\t\t\t\t\t\t\t\t<img loading=\"lazy\" decoding=\"async\" width=\"800\" height=\"582\" src=\"https:\/\/xn--koost-nuaa.ee\/wp-content\/uploads\/2025\/09\/Illustartsioonid-04.png\" class=\"attachment-large size-large wp-image-1047\" alt=\"\" srcset=\"https:\/\/xn--koost-nuaa.ee\/wp-content\/uploads\/2025\/09\/Illustartsioonid-04.png 800w, https:\/\/xn--koost-nuaa.ee\/wp-content\/uploads\/2025\/09\/Illustartsioonid-04-300x218.png 300w, https:\/\/xn--koost-nuaa.ee\/wp-content\/uploads\/2025\/09\/Illustartsioonid-04-768x559.png 768w\" sizes=\"(max-width: 800px) 100vw, 800px\" \/>\t\t\t\t\t\t\t\t\t\t\t\t\t\t\t<\/div>\n\t\t\t\t<div class=\"elementor-element elementor-element-8f5a2cf elementor-widget elementor-widget-dubidam-title\" data-id=\"8f5a2cf\" data-element_type=\"widget\" data-e-type=\"widget\" data-widget_type=\"dubidam-title.default\">\n\t\t\t\t<div class=\"elementor-widget-container\">\n\t\t\t\t\t<h2 class=\"content-title\">V\u00c4\u00c4RTUSTATUD ELANIKKOND<\/h2>\t\t\t\t<\/div>\n\t\t\t\t<\/div>\n\t\t\t\t<div class=\"elementor-element elementor-element-d7bfc0f elementor-widget elementor-widget-text-editor\" data-id=\"d7bfc0f\" data-element_type=\"widget\" data-e-type=\"widget\" data-widget_type=\"text-editor.default\">\n\t\t\t\t\t\t\t\t\t<ul><li>J\u00e4tkame laste huvitegevuse toetamist<\/li><li>Toetame j\u00e4tkuvalt k\u00fcla- ja spordiseltside tegevust<\/li><li>Hoiame omavalitsuse sotsiaaltoetused konkurentsiv\u00f5imelised<\/li><li>M\u00e4rkame ja tunnustame valla kodanikke, ettev\u00f5tteid ja vabatahtlikke<\/li><li>J\u00e4tkame eakate p\u00e4eva l\u00e4biviimist<\/li><li>Toetame j\u00e4tkuvalt J\u00f5ulum\u00e4e Tervisespordikeskuse tegevust<\/li><li>Suurendame kaasava eelarve mahtu 15 000 euroni<\/li><li>Loome Uulu kogukonnakeskuse koos raamatukogu ja ajalootoaga<\/li><\/ul>\t\t\t\t\t\t\t\t<\/div>\n\t\t\t\t\t<\/div>\n\t\t<\/div>\n\t\t\t\t\t<\/div>\n\t\t<\/section>\n\t\t\t\t<section class=\"elementor-section elementor-inner-section elementor-element elementor-element-0b64b0e elementor-section-boxed elementor-section-height-default elementor-section-height-default\" data-id=\"0b64b0e\" data-element_type=\"section\" data-e-type=\"section\">\n\t\t\t\t\t\t<div class=\"elementor-container elementor-column-gap-wider\">\n\t\t\t\t\t<div class=\"elementor-column elementor-col-50 elementor-inner-column elementor-element elementor-element-7d134fd\" data-id=\"7d134fd\" data-element_type=\"column\" data-e-type=\"column\">\n\t\t\t<div class=\"elementor-widget-wrap elementor-element-populated\">\n\t\t\t\t\t\t<div class=\"elementor-element elementor-element-b37a998 elementor-widget elementor-widget-image\" data-id=\"b37a998\" data-element_type=\"widget\" data-e-type=\"widget\" data-widget_type=\"image.default\">\n\t\t\t\t\t\t\t\t\t\t\t\t\t\t\t<img loading=\"lazy\" decoding=\"async\" width=\"800\" height=\"582\" src=\"https:\/\/xn--koost-nuaa.ee\/wp-content\/uploads\/2025\/09\/Illustartsioonid-05.png\" class=\"attachment-large size-large wp-image-1048\" alt=\"\" srcset=\"https:\/\/xn--koost-nuaa.ee\/wp-content\/uploads\/2025\/09\/Illustartsioonid-05.png 800w, https:\/\/xn--koost-nuaa.ee\/wp-content\/uploads\/2025\/09\/Illustartsioonid-05-300x218.png 300w, https:\/\/xn--koost-nuaa.ee\/wp-content\/uploads\/2025\/09\/Illustartsioonid-05-768x559.png 768w\" sizes=\"(max-width: 800px) 100vw, 800px\" \/>\t\t\t\t\t\t\t\t\t\t\t\t\t\t\t<\/div>\n\t\t\t\t<div class=\"elementor-element elementor-element-0eaecfe elementor-widget elementor-widget-dubidam-title\" data-id=\"0eaecfe\" data-element_type=\"widget\" data-e-type=\"widget\" data-widget_type=\"dubidam-title.default\">\n\t\t\t\t<div class=\"elementor-widget-container\">\n\t\t\t\t\t<h2 class=\"content-title\">STRATEEGILISELT JA S\u00dcSTEEMSELT JUHITUD VALD\n<\/h2>\t\t\t\t<\/div>\n\t\t\t\t<\/div>\n\t\t\t\t<div class=\"elementor-element elementor-element-ceff43d elementor-widget elementor-widget-text-editor\" data-id=\"ceff43d\" data-element_type=\"widget\" data-e-type=\"widget\" data-widget_type=\"text-editor.default\">\n\t\t\t\t\t\t\t\t\t<ul><li>Loome kultuuri-, turismi- spordi- ja noorsoot\u00f6\u00f6le \u00fchtse tugis\u00fcsteemi, mis pakub rohkem tegevusi ja paremaid teenuseid meie kogukonnas<\/li><li>Viime valla raamatukogud \u00fchtse juhtimise alla, et tagada parem koost\u00f6\u00f6, areng ja \u00fchtlane teenuse kvaliteet<\/li><li>V\u00e4\u00e4rtustame noortevolikogu t\u00f6\u00f6d ja v\u00f5tame noorte h\u00e4\u00e4lt kuulda<\/li><li>Suurendame valla tulubaasi ja v\u00f5tame kulud kontrolli alla!<\/li><\/ul>\t\t\t\t\t\t\t\t<\/div>\n\t\t\t\t\t<\/div>\n\t\t<\/div>\n\t\t\t\t<div class=\"elementor-column elementor-col-50 elementor-inner-column elementor-element elementor-element-50f8b09\" data-id=\"50f8b09\" data-element_type=\"column\" data-e-type=\"column\">\n\t\t\t<div class=\"elementor-widget-wrap elementor-element-populated\">\n\t\t\t\t\t\t<div class=\"elementor-element elementor-element-5a0abcb elementor-widget elementor-widget-spacer\" data-id=\"5a0abcb\" data-element_type=\"widget\" data-e-type=\"widget\" data-widget_type=\"spacer.default\">\n\t\t\t\t\t\t\t<div class=\"elementor-spacer\">\n\t\t\t<div class=\"elementor-spacer-inner\"><\/div>\n\t\t<\/div>\n\t\t\t\t\t\t<\/div>\n\t\t\t\t<div class=\"elementor-element elementor-element-566e1d8 elementor-widget elementor-widget-image\" data-id=\"566e1d8\" data-element_type=\"widget\" data-e-type=\"widget\" data-widget_type=\"image.default\">\n\t\t\t\t\t\t\t\t\t\t\t\t\t\t\t<img loading=\"lazy\" decoding=\"async\" width=\"300\" height=\"143\" src=\"https:\/\/xn--koost-nuaa.ee\/wp-content\/uploads\/2025\/09\/Logo_sinine-01-300x143.png\" class=\"attachment-medium size-medium wp-image-1050\" alt=\"\" srcset=\"https:\/\/xn--koost-nuaa.ee\/wp-content\/uploads\/2025\/09\/Logo_sinine-01-300x143.png 300w, https:\/\/xn--koost-nuaa.ee\/wp-content\/uploads\/2025\/09\/Logo_sinine-01.png 569w\" sizes=\"(max-width: 300px) 100vw, 300px\" \/>\t\t\t\t\t\t\t\t\t\t\t\t\t\t\t<\/div>\n\t\t\t\t<div class=\"elementor-element elementor-element-96f199a elementor-widget elementor-widget-dubidam-title\" data-id=\"96f199a\" data-element_type=\"widget\" data-e-type=\"widget\" data-widget_type=\"dubidam-title.default\">\n\t\t\t\t<div class=\"elementor-widget-container\">\n\t\t\t\t\t<h2 class=\"content-title\">Tutvuge meie kandidaatidega:<\/h2>\t\t\t\t<\/div>\n\t\t\t\t<\/div>\n\t\t\t\t<div class=\"elementor-element elementor-element-f7313c1 elementor-align-left elementor-invisible elementor-widget elementor-widget-button\" data-id=\"f7313c1\" data-element_type=\"widget\" data-e-type=\"widget\" data-settings=\"{&quot;_animation&quot;:&quot;fadeIn&quot;,&quot;_animation_delay&quot;:400}\" data-widget_type=\"button.default\">\n\t\t\t\t\t\t\t\t\t\t<a class=\"elementor-button elementor-button-link elementor-size-sm elementor-animation-sink\" href=\"https:\/\/xn--koost-nuaa.ee\/?page_id=429\">\n\t\t\t\t\t\t<span class=\"elementor-button-content-wrapper\">\n\t\t\t\t\t\t<span class=\"elementor-button-icon\">\n\t\t\t\t<svg aria-hidden=\"true\" class=\"e-font-icon-svg e-fas-arrow-circle-right\" viewBox=\"0 0 512 512\" xmlns=\"http:\/\/www.w3.org\/2000\/svg\"><path d=\"M256 8c137 0 248 111 248 248S393 504 256 504 8 393 8 256 119 8 256 8zm-28.9 143.6l75.5 72.4H120c-13.3 0-24 10.7-24 24v16c0 13.3 10.7 24 24 24h182.6l-75.5 72.4c-9.7 9.3-9.9 24.8-.4 34.3l11 10.9c9.4 9.4 24.6 9.4 33.9 0L404.3 273c9.4-9.4 9.4-24.6 0-33.9L271.6 106.3c-9.4-9.4-24.6-9.4-33.9 0l-11 10.9c-9.5 9.6-9.3 25.1.4 34.4z\"><\/path><\/svg>\t\t\t<\/span>\n\t\t\t\t\t\t\t\t\t<span class=\"elementor-button-text\">Kandidaadid<\/span>\n\t\t\t\t\t<\/span>\n\t\t\t\t\t<\/a>\n\t\t\t\t\t\t\t\t<\/div>\n\t\t\t\t\t<\/div>\n\t\t<\/div>\n\t\t\t\t\t<\/div>\n\t\t<\/section>\n\t\t\t\t\t<\/div>\n\t\t<\/div>\n\t\t\t\t\t<\/div>\n\t\t<\/section>\n\t\t<div class=\"elementor-element elementor-element-b1669b3 e-flex e-con-boxed e-con e-parent\" data-id=\"b1669b3\" data-element_type=\"container\" data-e-type=\"container\">\n\t\t\t\t\t<div class=\"e-con-inner\">\n\t\t\t\t<div class=\"elementor-element elementor-element-9a4810f elementor-widget elementor-widget-spacer\" data-id=\"9a4810f\" data-element_type=\"widget\" data-e-type=\"widget\" data-widget_type=\"spacer.default\">\n\t\t\t\t\t\t\t<div class=\"elementor-spacer\">\n\t\t\t<div class=\"elementor-spacer-inner\"><\/div>\n\t\t<\/div>\n\t\t\t\t\t\t<\/div>\n\t\t\t\t\t<\/div>\n\t\t\t\t<\/div>\n\t\t\t\t<\/div>\n\t\t","protected":false},"excerpt":{"rendered":"<p>ROHKEM KUI LUBADUSED! H\u00e4\u00e4demeeste vallas tegutsev valimisliit Koost\u00f6\u00f6 on loodud 1996. aastal. 29 aastat on valimisliit Koost\u00f6\u00f6 panustanud koduvalla arengusse. 2025. aasta kohalike omavalitsuste valimistel kandideerib meie nimekirjas 22 aktiivset ja tegusat inimest. Kandidaadid VALIMISLIIDU EESM\u00c4RGID JA LUBADUSED: KVALITEETNE JA K\u00c4TTESAADAV HARIDUS Projekteerime ja ehitame Uulu uue lasteaia Lahendame Uulu P\u00f5hikooli ruumipuuduse Rekonstrueerime H\u00e4\u00e4demeeste lasteaia Populariseerime g\u00fcmnaasiumi\u00f5pet H\u00e4\u00e4demeestel Rekonstrueerime H\u00e4\u00e4demeeste &hellip;<\/p>\n","protected":false},"author":1,"featured_media":0,"parent":0,"menu_order":0,"comment_status":"closed","ping_status":"closed","template":"blank-builder.php","meta":{"_monsterinsights_skip_tracking":false,"_monsterinsights_sitenote_active":false,"_monsterinsights_sitenote_note":"","_monsterinsights_sitenote_category":0,"footnotes":""},"class_list":["post-251","page","type-page","status-publish","hentry"],"jetpack_sharing_enabled":true,"_links":{"self":[{"href":"https:\/\/xn--koost-nuaa.ee\/index.php?rest_route=\/wp\/v2\/pages\/251","targetHints":{"allow":["GET"]}}],"collection":[{"href":"https:\/\/xn--koost-nuaa.ee\/index.php?rest_route=\/wp\/v2\/pages"}],"about":[{"href":"https:\/\/xn--koost-nuaa.ee\/index.php?rest_route=\/wp\/v2\/types\/page"}],"author":[{"embeddable":true,"href":"https:\/\/xn--koost-nuaa.ee\/index.php?rest_route=\/wp\/v2\/users\/1"}],"replies":[{"embeddable":true,"href":"https:\/\/xn--koost-nuaa.ee\/index.php?rest_route=%2Fwp%2Fv2%2Fcomments&post=251"}],"version-history":[{"count":44,"href":"https:\/\/xn--koost-nuaa.ee\/index.php?rest_route=\/wp\/v2\/pages\/251\/revisions"}],"predecessor-version":[{"id":1269,"href":"https:\/\/xn--koost-nuaa.ee\/index.php?rest_route=\/wp\/v2\/pages\/251\/revisions\/1269"}],"wp:attachment":[{"href":"https:\/\/xn--koost-nuaa.ee\/index.php?rest_route=%2Fwp%2Fv2%2Fmedia&parent=251"}],"curies":[{"name":"wp","href":"https:\/\/api.w.org\/{rel}","templated":true}]}}